{"id":104,"date":"2021-12-01T09:05:47","date_gmt":"2021-12-01T09:05:47","guid":{"rendered":"http:\/\/lluciajoiers.com\/wordpress\/?page_id=104"},"modified":"2021-12-01T09:40:39","modified_gmt":"2021-12-01T09:40:39","slug":"politica-de-privacitat","status":"publish","type":"page","link":"https:\/\/lluciajoiers.com\/wordpress\/politica-de-privacitat\/","title":{"rendered":"Pol\u00edtica de Privacitat"},"content":{"rendered":"<p>[et_pb_section fb_built=&#8221;1&#8243; _builder_version=&#8221;4.9.4&#8243; _module_preset=&#8221;default&#8221;][et_pb_row _builder_version=&#8221;4.9.4&#8243; _module_preset=&#8221;default&#8221; custom_margin=&#8221;100px|auto|100px|auto|true|&#8221; custom_margin_tablet=&#8221;90px||60px||false|false&#8221; custom_margin_phone=&#8221;80px||50px||false|false&#8221; custom_margin_last_edited=&#8221;on|phone&#8221; custom_padding=&#8221;3px||32px|||&#8221;][et_pb_column type=&#8221;4_4&#8243; _builder_version=&#8221;4.9.4&#8243; _module_preset=&#8221;default&#8221;][et_pb_text _builder_version=&#8221;4.9.4&#8243; _module_preset=&#8221;default&#8221; header_2_font=&#8221;|800|||||||&#8221; header_2_text_align=&#8221;center&#8221; header_2_font_size=&#8221;58px&#8221; custom_margin_tablet=&#8221;&#8221; custom_margin_phone=&#8221;||20px||false|false&#8221; custom_margin_last_edited=&#8221;on|phone&#8221; custom_padding=&#8221;0px|||||&#8221; header_2_font_size_tablet=&#8221;48px&#8221; header_2_font_size_phone=&#8221;38px&#8221; header_2_font_size_last_edited=&#8221;on|phone&#8221;]<\/p>\n<h2>POL\u00cdTICA DE PRIVACITAT<\/h2>\n<p>[\/et_pb_text][et_pb_text module_class=&#8221;tipo400&#8243; _builder_version=&#8221;4.9.4&#8243; _module_preset=&#8221;default&#8221; header_2_font_size=&#8221;58px&#8221; text_orientation=&#8221;center&#8221; hover_enabled=&#8221;0&#8243; header_2_font_size_tablet=&#8221;48px&#8221; header_2_font_size_phone=&#8221;38px&#8221; header_2_font_size_last_edited=&#8221;on|phone&#8221; global_colors_info=&#8221;{}&#8221; sticky_enabled=&#8221;0&#8243;]<\/p>\n<div class=\"et_pb_module et_pb_text et_pb_text_1  et_pb_text_align_left et_pb_bg_layout_light\">\n<div class=\"et_pb_text_inner\">\n<p>Lluci\u00e0 JoiersLluci\u00e0 Joiers l\u2019informa sobre la seva pol\u00edtica de privacitat respecte de l\u2019tractament i protecci\u00f3 de les dades de car\u00e0cter personal dels usuaris que puguin ser obtingudes durant la navegaci\u00f3 a trav\u00e9s de el lloc web lluciajoiers.com<\/p>\n<p>En aquest sentit, Lluci\u00e0 Joiers garanteix el compliment de la normativa vigent en mat\u00e8ria de protecci\u00f3 de dades personals, reflectida en la Llei Org\u00e0nica 3\/2018, de 5 de desembre, de Protecci\u00f3 de Dades Personals i de Garantia de Drets Digitals (LOPD GDD) . Compleix tamb\u00e9 amb el Reglament (UE) 2016\/679 de el Parlament Europeu i de Consell de 27 d\u2019abril de 2016 relatiu a la protecci\u00f3 de les persones f\u00edsiques (RGPD).<\/p>\n<p>L\u2019\u00fas de lloc web implica l\u2019acceptaci\u00f3 d\u2019aquesta Pol\u00edtica de Privacitat aix\u00ed com les condicions incloses en l\u2019Av\u00eds Legal<\/p>\n<p>&nbsp;<\/p>\n<h3>Identitat del responsable<\/h3>\n<p>&nbsp;<\/p>\n<p>Titular: Llucia Joiers SL<br \/>NIF: B63961239<br \/>Domicili: C\/ \u00d2dena, 3-5, 08700 Igualada<br \/>Correu electr\u00f2nic: llucia@lluciajoiers.com<br \/>Lloc Web: lluciajoiers.com<\/p>\n<p>&nbsp;<\/p>\n<h3>Principis aplicats en el tractament de dades<\/h3>\n<p>&nbsp;<\/p>\n<p>En el tractament de les seves dades personals, el titular ha d\u2019aplicar els seg\u00fcents principis que s\u2019ajusten a les exig\u00e8ncies de el nou reglament europeu de protecci\u00f3 de dades (RGPD):<\/p>\n<p>Principi de licitud, lleialtat i transpar\u00e8ncia: El Titular sempre requerir\u00e0 el consentiment per al tractament de les dades personals que pot ser per a un o diversos fins espec\u00edfics sobre els quals el titular informar\u00e0 l\u2019Usuari pr\u00e8viament amb absoluta transpar\u00e8ncia.<\/p>\n<p>Principi de minimitzaci\u00f3 de dades: El titular sol\u00b7licitar\u00e0 nom\u00e9s les dades estrictament necess\u00e0ries per a la finalitat o les finalitats que els sol\u00b7licita.<\/p>\n<p>Principi de limitaci\u00f3 de l\u2019termini de conservaci\u00f3: El Titular mantindr\u00e0 les dades personals recollides durant el temps estrictament necessari per al cap o els caps de el tractament. El Titular informar\u00e0 l\u2019Usuari de l\u2019termini de conservaci\u00f3 corresponent segons la finalitat. En el cas de subscripcions, el Titular revisar\u00e0 peri\u00f2dicament les llistes i eliminar\u00e0 aquells registres inactius durant un temps considerable.<\/p>\n<p>Principi d\u2019integritat i confidencialitat: Les dades personals recollides seran tractades de tal manera que la seva seguretat, confidencialitat i integritat estigui garantida. El Titular pren les precaucions necess\u00e0ries per evitar l\u2019acc\u00e9s no autoritzat o \u00fas indegut de les dades dels seus usuaris per part de tercers.<\/p>\n<p>&nbsp;<\/p>\n<h3>Obtenci\u00f3 de dades personals<\/h3>\n<p>&nbsp;<\/p>\n<p>Per navegar per lluciajoiers.com no cal que faciliti cap dada personal.<\/p>\n<p>Els casos en qu\u00e8 vost\u00e8 s\u00ed que proporciona les seves dades personals s\u00f3n els seg\u00fcents:<\/p>\n<p>Al contactar a trav\u00e9s dels formularis de contacte o enviar un correu electr\u00f2nic.<\/p>\n<p>Al realitzar un comentari en un article o en una p\u00e0gina.<\/p>\n<p>&nbsp;<\/p>\n<h3>Drets<\/h3>\n<p>&nbsp;<\/p>\n<p>El Titular l\u2019informa que sobre les seves dades personals t\u00e9 dret a:<\/p>\n<p>Sol\u00b7licitar l\u2019acc\u00e9s a les dades emmagatzemades.<\/p>\n<p>Demana una rectificaci\u00f3 o la cancel\u00b7laci\u00f3.<\/p>\n<p>Sol\u00b7licitar la limitaci\u00f3 del seu tractament.<\/p>\n<p>Oposar-se a el tractament.<\/p>\n<p>No pot exercitar el dret a la portabilitat de les dades.<\/p>\n<p>&nbsp;<\/p>\n<p>L\u2019exercici d\u2019aquests drets \u00e9s personal i per tant ha de ser exercit directament per l\u2019interessat, sol\u00b7licitant-lo directament a la persona titular, el que significa que qualsevol client, subscriptor o col\u00b7laborador que hagi facilitat les seves dades en algun moment, pot dirigir-se a Lluci\u00e0 Joiers i demanar informaci\u00f3 sobre les dades que t\u00e9 emmagatzemades i com els ha obtingut, sol\u00b7licitar la rectificaci\u00f3 dels mateixos, oposar-se a el tractament, limitar el seu \u00fas o sol\u00b7licitar la cancel\u00b7laci\u00f3 d\u2019aquestes dades en els fitxers del Titular.<\/p>\n<p>Per exercir els drets d\u2019acc\u00e9s, rectificaci\u00f3, cancel\u00b7laci\u00f3 i oposici\u00f3 ha d\u2019enviar un correu electr\u00f2nic a llucia@lluciajoiers.com juntament amb la prova v\u00e0lida en dret com una fotoc\u00f2pia del D.N.I. o equivalent.<\/p>\n<p>T\u00e9 dret a la tutela judicial efectiva i a presentar una reclamaci\u00f3 davant l\u2019autoritat de control, en aquest cas, l\u2019Ag\u00e8ncia Espanyola de Protecci\u00f3 de Dades, si considera que el tractament de dades personals que el concerneixen infringeix el Reglament.<\/p>\n<p>&nbsp;<\/p>\n<h3>Finalitat de el tractament de dades personals<\/h3>\n<p>&nbsp;<\/p>\n<p>Quan vost\u00e8 es connecta a el lloc web per enviar un correu a la persona titular, escriu un comentari en un article o una p\u00e0gina, se subscriu al seu butllet\u00ed est\u00e0 facilitant informaci\u00f3 de car\u00e0cter personal de la qual el responsable \u00e9s Lluci\u00e0 Joiers. Aquesta informaci\u00f3 pot incloure dades de car\u00e0cter personal com poden ser la seva adre\u00e7a IP, nom i cognoms, adre\u00e7a f\u00edsica, adre\u00e7a de correu electr\u00f2nic, n\u00famero de tel\u00e8fon, i una altra informaci\u00f3. Al facilitar aquesta informaci\u00f3, d\u00f3na el seu consentiment perqu\u00e8 la seva informaci\u00f3 sigui recopilada, utilitzada, gestionada i emmagatzemada per \u2013 Lluci\u00e0 Joiers \u2013 nom\u00e9s com es descriu en l\u2019Av\u00eds Legal i en la present Pol\u00edtica de Privacitat.<\/p>\n<p>Les dades personals i la finalitat de l\u2019tractament per part del Titular \u00e9s diferent segons el sistema de captura d\u2019informaci\u00f3:<\/p>\n<p>Formularis de contacte: El Titular sol\u00b7licita dades personals entre els quals poden estar: nom i cognoms, adre\u00e7a de n\u00famero de tel\u00e8fon i adre\u00e7a de lloc web amb la finalitat de respondre les consultes dels Usuaris. Per exemple, Lluci\u00e0 Joiers utilitza aquestes dades per donar resposta a missatges, dubtes, queixes, comentaris o inquietuds que poden tenir els Usuaris relatives a la informaci\u00f3 inclosa en el lloc web, el tractament de les dades personals, q\u00fcestions referents als textos legals inclosos en el lloc web, aix\u00ed com qualsevol altra consulta que l\u2019Usuari pugui tenir i que no estigui subjecta a les condicions de el lloc web.<\/p>\n<p>Formularis de comentaris: El Titular sol\u00b7licita dades personals entre els quals poden estar: nom i cognoms, adre\u00e7a de correu electr\u00f2nic, i adre\u00e7a de lloc web amb la finalitat de respondre als comentaris dels usuaris.<\/p>\n<p>Existeixen altres finalitats per les quals el Titular tracta dades personals:<\/p>\n<p>Per garantir el compliment de les condicions recollides en l\u2019Av\u00eds Legal i en la llei aplicable. Aix\u00f2 pot incloure el desenvolupament d\u2019eines i algoritmes que ajudin a aquest lloc web a garantir la confidencialitat de les dades personals que recull.<\/p>\n<p>Per donar suport i millorar els serveis que ofereix aquest lloc web.<\/p>\n<p>Per analitzar la navegaci\u00f3 dels usuaris. El Titular recull altres dades no identificatives que s\u2019obtenen mitjan\u00e7ant l\u2019\u00fas de cookies que es descarreguen a l\u2019ordinador de l\u2019Usuari quan navega pel lloc web les caracter\u00edstiques i finalitat estan detallades en la Pol\u00edtica de Cookies.<\/p>\n<p>Per gestionar les xarxes socials. Lluci\u00e0 Joiers t\u00e9 pres\u00e8ncia en xarxes socials. Si vost\u00e8 es fa seguidor a les xarxes socials del Titular el tractament de les dades personals es regir\u00e0 per aquest apartat, aix\u00ed com per aquelles condicions d\u2019\u00fas, pol\u00edtiques de privacitat i normatives d\u2019acc\u00e9s que pertanyin a la xarxa social que procedeixi en cada cas i que ha acceptat pr\u00e8viament.<br \/>Pot consultar les pol\u00edtiques de privacitat de les principals xarxes socials en aquests enlla\u00e7os:<\/p>\n<p>Instagram<\/p>\n<p>El Titular tractar\u00e0 les seves dades personals amb la finalitat d\u2019administrar correctament la seva pres\u00e8ncia a la xarxa social, informar-lo de les seves activitats, aix\u00ed com per a qualsevol altra finalitat que les normatives de les xarxes socials permeten.<\/p>\n<p>En cap cas el titular utilitzar\u00e0 els perfils de seguidors en xarxes socials per enviar publicitat de manera individual.<\/p>\n<p>&nbsp;<\/p>\n<h3>Seguretat de les dades personals<\/h3>\n<p>&nbsp;<\/p>\n<p>Per protegir les seves dades personals, el Titular pren totes les precaucions raonables i segueix les millors pr\u00e0ctiques de la ind\u00fastria per evitar la seva p\u00e8rdua, mal \u00fas, acc\u00e9s indegut, divulgaci\u00f3, alteraci\u00f3 o destrucci\u00f3 dels mateixos.<\/p>\n<p>Les seves dades podran ser incorporades a un fitxer de llista de correu, de el qual Lluci\u00e0 Joiers \u00e9s responsable de la seva gesti\u00f3 i tractament. La seguretat de les seves dades est\u00e0 garantida, ja que Lluci\u00e0 Joiers pren totes les mesures de seguretat necess\u00e0ries i li garanteix que les dades personals nom\u00e9s es faran servir per a les finalitats donades.<\/p>\n<p>Lluci\u00e0 Joiers informa l\u2019Usuari que les seves dades personals no seran cedides a terceres organitzacions, amb l\u2019excepci\u00f3 que la cessi\u00f3 de dades estigui emparada en una obligaci\u00f3 legal o quan la prestaci\u00f3 d\u2019un servei impliqui la necessitat d\u2019una relaci\u00f3 contractual amb un encarregat de tractament. En aquest \u00faltim cas, nom\u00e9s es dur\u00e0 a terme la cessi\u00f3 de dades a l\u2019tercer quan Lluci\u00e0 Joiers disposi de l\u2019consentiment expr\u00e9s de l\u2019Usuari.<\/p>\n<p>No obstant aix\u00f2, en alguns casos es poden realitzar col\u00b7laboracions amb altres professionals, en aquests casos, es requerir\u00e0 consentiment a l\u2019Usuari informant sobre la identitat de l\u2019col\u00b7laborador i la finalitat de la col\u00b7laboraci\u00f3. Sempre es realitzar\u00e0 amb els m\u00e9s estrictes est\u00e0ndards de seguretat.<\/p>\n<p>&nbsp;<\/p>\n<h3>Contingut d\u2019altres llocs web<\/h3>\n<p>&nbsp;<\/p>\n<p>Les p\u00e0gines d\u2019aquest lloc web poden incloure contingut incrustat (per exemple, v\u00eddeos, imatges, articles, etc.). El contingut incrustat d\u2019altres web es comporta exactament de la mateixa manera que si hagu\u00e9s visitat l\u2019altra web.<\/p>\n<p>Aquests llocs web poden recopilar dades sobre vost\u00e8, utilitzar cookies, incrustar un codi de seguiment addicional de tercers, i supervisar la seva interacci\u00f3 usant aquest codi.<\/p>\n<p>&nbsp;<\/p>\n<h3>Pol\u00edtica de Cookies<\/h3>\n<p>&nbsp;<\/p>\n<p>Perqu\u00e8 aquest lloc web funcioni correctament necessita utilitzar cookies, que \u00e9s una informaci\u00f3 que s\u2019emmagatzema en el seu navegador web.<\/p>\n<p>A la p\u00e0gina Pol\u00edtica de Cookies pot consultar tota la informaci\u00f3 relativa a la pol\u00edtica de recollida, la finalitat i el tractament de les cookies.<\/p>\n<p>&nbsp;<\/p>\n<h3>Legitimaci\u00f3 per al tractament de dades<\/h3>\n<p>&nbsp;<\/p>\n<p>La base legal per al tractament de les seves dades \u00e9s: el consentiment.<\/p>\n<p>Per contactar amb el Titular, subscriure a un butllet\u00ed o fer comentaris en aquest lloc web ha d\u2019acceptar la present Pol\u00edtica de Privacitat.<\/p>\n<p>&nbsp;<\/p>\n<h3>Categories de dades personals<\/h3>\n<p>&nbsp;<\/p>\n<p>Les categories de dades personals que tracta el titular s\u00f3n:<\/p>\n<p>Dades identificatives.<\/p>\n<p>No es tracten categories de dades especialment protegides.<\/p>\n<p>&nbsp;<\/p>\n<h3>Conservaci\u00f3 de dades personals<\/h3>\n<p>&nbsp;<\/p>\n<p>Les dades personals que proporcioni al Titular es conservaran fins que sol\u00b7liciti la seva supressi\u00f3.<\/p>\n<p>&nbsp;<\/p>\n<h3>Destinataris de dades personals<\/h3>\n<p>&nbsp;<\/p>\n<p>Google Analytics \u00e9s un servei d\u2019anal\u00edtica web prestat per Google, Inc., una companyia de Delaware l\u2019oficina principal a 1600 Amphitheatre Parkway, Mountain View (Calif\u00f2rnia), CA 94043, Estats Units ( \u201cGoogle\u201d). Google Analytics utilitza \u201ccookies\u201d, que s\u00f3n arxius de text ubicats al teu ordinador, per ajudar al Titular a analitzar l\u2019\u00fas que fan els usuaris de la p\u00e0gina web. La informaci\u00f3 que genera la cookie sobre el l\u2019\u00fas de el lloc web (incloent la direcci\u00f3 IP) ser\u00e0 directament transmesa i arxivada per Google en els servidors d\u2019Estats Units. M\u00e9s informaci\u00f3 a: https:\/\/analytics.google.com<\/p>\n<p>A la p\u00e0gina de Pol\u00edtica de privadesa de Google s\u2019explica com Google gestiona la privacitat pel que fa a l\u2019\u00fas de les cookies i altra informaci\u00f3.<\/p>\n<p>Tamb\u00e9 podeu veure una llista dels tipus de cookies que utilitza Google i els seus col\u00b7laboradors i tota la informaci\u00f3 relativa a l\u2019\u00fas que fan de les galetes publicit\u00e0ries.<\/p>\n<p>&nbsp;<\/p>\n<h3>Navegaci\u00f3 Web<\/h3>\n<p>&nbsp;<\/p>\n<p>Al navegar per lluciajoiers.com es poden recollir dades no identificatives, que poden incloure, l\u2019adre\u00e7a IP, geolocalitzaci\u00f3, un registre de com s\u2019utilitzen els serveis i llocs, h\u00e0bits de navegaci\u00f3 i altres dades que no poden ser utilitzats per identificar-lo.<\/p>\n<p>El lloc web pot utilitzar els seg\u00fcents serveis d\u2019an\u00e0lisi de tercers:<\/p>\n<p>Google Analytics<\/p>\n<p>El Titular utilitza la informaci\u00f3 obtinguda per obtenir dades estad\u00edstiques, analitzar tend\u00e8ncies, administrar el lloc, estudiar patrons de navegaci\u00f3 i per recopilar informaci\u00f3 demogr\u00e0fica.<\/p>\n<p>El Titular no es fa responsable del tractament de les dades personals que realitzin les p\u00e0gines web a les que pugui accedir a trav\u00e9s dels diferents enlla\u00e7os que cont\u00e9 el lloc web.<\/p>\n<p>&nbsp;<\/p>\n<h3>Exactitud i veracitat de les dades personals<\/h3>\n<p>&nbsp;<\/p>\n<p>Vost\u00e8 es compromet a que les dades facilitades al Titular siguin correctes, complets, exactes i vigents, aix\u00ed com a mantenir-les degudament actualitzades.<\/p>\n<p>Com Usuari de el lloc web vost\u00e8 \u00e9s l\u2019\u00fanic responsable de la veracitat i correcci\u00f3 de les dades remeses a el lloc web exonerant a Lluci\u00e0 Joiers de qualsevol responsabilitat al respecte.<\/p>\n<p>&nbsp;<\/p>\n<h3>Acceptaci\u00f3 i consentiment<\/h3>\n<p>&nbsp;<\/p>\n<p>Com Usuari de el lloc web declara haver estat informat de les condicions sobre protecci\u00f3 de dades de car\u00e0cter personal, accepta i consent el tractament dels mateixos per part de Lluci\u00e0 Joiers en la forma i per a les finalitats indicades en aquesta Pol\u00edtica de Privacitat.<\/p>\n<p>&nbsp;<\/p>\n<h3>Revocabilitat<\/h3>\n<p>&nbsp;<\/p>\n<p>Per exercir els drets d\u2019acc\u00e9s, rectificaci\u00f3, cancel\u00b7laci\u00f3 i oposici\u00f3 ha d\u2019enviar un correu electr\u00f2nic a llucia@lluciajoiers.com juntament amb la prova v\u00e0lida en dret com una fotoc\u00f2pia de l D.N.I. o equivalent.<\/p>\n<p>L\u2019exercici d\u2019aquests drets no inclou cap dada que Lluci\u00e0 Joiers estigui obligat a conservar amb fins administratius, legals o de seguretat.<\/p>\n<p>&nbsp;<\/p>\n<h3>Canvis en la Pol\u00edtica de Privacitat<\/h3>\n<p>&nbsp;<\/p>\n<p>El Titular es reserva el dret a modificar la present Pol\u00edtica de Privacitat per adaptar-la a novetats legislatives o jurisprudencials, aix\u00ed com a pr\u00e0ctiques de la ind\u00fastria.<\/p>\n<p>Aquestes pol\u00edtiques estaran vigents fins que siguin modificades per altres degudament publicades.<\/p>\n<\/div>\n<\/div>\n<p>[\/et_pb_text][\/et_pb_column][\/et_pb_row][\/et_pb_section]<\/p>\n","protected":false},"excerpt":{"rendered":"<p>[et_pb_section fb_built=&#8221;1&#8243; _builder_version=&#8221;4.9.4&#8243; _module_preset=&#8221;default&#8221;][et_pb_row _builder_version=&#8221;4.9.4&#8243; _module_preset=&#8221;default&#8221; custom_margin=&#8221;100px|auto|100px|auto|true|&#8221; custom_margin_tablet=&#8221;90px||60px||false|false&#8221; custom_margin_phone=&#8221;80px||50px||false|false&#8221; custom_margin_last_edited=&#8221;on|phone&#8221; custom_padding=&#8221;3px||32px|||&#8221;][et_pb_column type=&#8221;4_4&#8243; _builder_version=&#8221;4.9.4&#8243; _module_preset=&#8221;default&#8221;][et_pb_text _builder_version=&#8221;4.9.4&#8243; _module_preset=&#8221;default&#8221; header_2_font=&#8221;|800|||||||&#8221; header_2_text_align=&#8221;center&#8221; header_2_font_size=&#8221;58px&#8221; custom_margin_tablet=&#8221;&#8221; custom_margin_phone=&#8221;||20px||false|false&#8221; custom_margin_last_edited=&#8221;on|phone&#8221; custom_padding=&#8221;0px|||||&#8221; header_2_font_size_tablet=&#8221;48px&#8221; header_2_font_size_phone=&#8221;38px&#8221; header_2_font_size_last_edited=&#8221;on|phone&#8221;] POL\u00cdTICA DE PRIVACITAT [\/et_pb_text][et_pb_text module_class=&#8221;tipo400&#8243; _builder_version=&#8221;4.9.4&#8243; _module_preset=&#8221;default&#8221; header_2_font_size=&#8221;58px&#8221; text_orientation=&#8221;center&#8221; hover_enabled=&#8221;0&#8243; header_2_font_size_tablet=&#8221;48px&#8221; header_2_font_size_phone=&#8221;38px&#8221; header_2_font_size_last_edited=&#8221;on|phone&#8221; global_colors_info=&#8221;{}&#8221; sticky_enabled=&#8221;0&#8243;] Lluci\u00e0 JoiersLluci\u00e0 Joiers l\u2019informa sobre la seva pol\u00edtica de privacitat respecte de l\u2019tractament i [&hellip;]<\/p>\n","protected":false},"author":1,"featured_media":0,"parent":0,"menu_order":0,"comment_status":"closed","ping_status":"closed","template":"","meta":{"_et_pb_use_builder":"on","_et_pb_old_content":"","_et_gb_content_width":"","footnotes":""},"class_list":["post-104","page","type-page","status-publish","hentry"],"_links":{"self":[{"href":"https:\/\/lluciajoiers.com\/wordpress\/wp-json\/wp\/v2\/pages\/104","targetHints":{"allow":["GET"]}}],"collection":[{"href":"https:\/\/lluciajoiers.com\/wordpress\/wp-json\/wp\/v2\/pages"}],"about":[{"href":"https:\/\/lluciajoiers.com\/wordpress\/wp-json\/wp\/v2\/types\/page"}],"author":[{"embeddable":true,"href":"https:\/\/lluciajoiers.com\/wordpress\/wp-json\/wp\/v2\/users\/1"}],"replies":[{"embeddable":true,"href":"https:\/\/lluciajoiers.com\/wordpress\/wp-json\/wp\/v2\/comments?post=104"}],"version-history":[{"count":7,"href":"https:\/\/lluciajoiers.com\/wordpress\/wp-json\/wp\/v2\/pages\/104\/revisions"}],"predecessor-version":[{"id":139,"href":"https:\/\/lluciajoiers.com\/wordpress\/wp-json\/wp\/v2\/pages\/104\/revisions\/139"}],"wp:attachment":[{"href":"https:\/\/lluciajoiers.com\/wordpress\/wp-json\/wp\/v2\/media?parent=104"}],"curies":[{"name":"wp","href":"https:\/\/api.w.org\/{rel}","templated":true}]}}