{"id":117,"date":"2021-12-01T09:20:48","date_gmt":"2021-12-01T09:20:48","guid":{"rendered":"http:\/\/lluciajoiers.com\/wordpress\/?page_id=117"},"modified":"2021-12-01T09:40:41","modified_gmt":"2021-12-01T09:40:41","slug":"avis-legal","status":"publish","type":"page","link":"https:\/\/lluciajoiers.com\/wordpress\/avis-legal\/","title":{"rendered":"Av\u00eds Legal"},"content":{"rendered":"<p>[et_pb_section fb_built=&#8221;1&#8243; _builder_version=&#8221;4.9.4&#8243; _module_preset=&#8221;default&#8221;][et_pb_row _builder_version=&#8221;4.9.4&#8243; _module_preset=&#8221;default&#8221; custom_margin=&#8221;100px|auto|100px|auto|true|&#8221; custom_margin_tablet=&#8221;90px||60px||false|false&#8221; custom_margin_phone=&#8221;80px||50px||false|false&#8221; custom_margin_last_edited=&#8221;on|phone&#8221; custom_padding=&#8221;3px||32px|||&#8221;][et_pb_column type=&#8221;4_4&#8243; _builder_version=&#8221;4.9.4&#8243; _module_preset=&#8221;default&#8221;][et_pb_text _builder_version=&#8221;4.9.4&#8243; _module_preset=&#8221;default&#8221; header_2_font=&#8221;|800|||||||&#8221; header_2_text_align=&#8221;center&#8221; header_2_font_size=&#8221;58px&#8221; custom_margin_tablet=&#8221;&#8221; custom_margin_phone=&#8221;||20px||false|false&#8221; custom_margin_last_edited=&#8221;on|phone&#8221; custom_padding=&#8221;0px|||||&#8221; header_2_font_size_tablet=&#8221;48px&#8221; header_2_font_size_phone=&#8221;38px&#8221; header_2_font_size_last_edited=&#8221;on|phone&#8221;]<\/p>\n<h2>AV\u00cdS LEGAL<\/h2>\n<p>[\/et_pb_text][et_pb_text module_class=&#8221;tipo400&#8243; _builder_version=&#8221;4.9.4&#8243; _module_preset=&#8221;default&#8221; header_2_font_size=&#8221;58px&#8221; text_orientation=&#8221;center&#8221; hover_enabled=&#8221;0&#8243; header_2_font_size_tablet=&#8221;48px&#8221; header_2_font_size_phone=&#8221;38px&#8221; header_2_font_size_last_edited=&#8221;on|phone&#8221; global_colors_info=&#8221;{}&#8221; sticky_enabled=&#8221;0&#8243;]<\/p>\n<div class=\"et_pb_module et_pb_text et_pb_text_1  et_pb_text_align_left et_pb_bg_layout_light\">\n<div class=\"et_pb_text_inner\">\n<div class=\"et_pb_module et_pb_text et_pb_text_1  et_pb_text_align_left et_pb_bg_layout_light\">\n<div class=\"et_pb_text_inner\">\n<h3>Identificaci\u00f3 i Titularitat<\/h3>\n<p>&nbsp;<\/p>\n<p>En compliment de l\u2019article 10 de la Llei 34\/2002, de 11 de juliol, de Serveis de la Societat de la Informaci\u00f3 i Comer\u00e7 Electr\u00f2nic, el titular exposa les seves dades identificatives.<\/p>\n<p>Titular: Llucia Joiers SL<br \/>NIF: B63961239<br \/>Domicili: C\/ \u00d2dena, 3-5, 08700 Igualada<br \/>Correu electr\u00f2nic: llucia@lluciajoiers.com<br \/>Lloc Web: lluciajoiers.com<\/p>\n<p>&nbsp;<\/p>\n<h3>Condicions d\u2019\u00das<\/h3>\n<p>&nbsp;<\/p>\n<p>La utilitzaci\u00f3 de el lloc web li atorga la condici\u00f3 d\u2019Usuari, i implica l\u2019acceptaci\u00f3 completa de totes les cl\u00e0usules i condicions d\u2019\u00fas incloses en les p\u00e0gines:<\/p>\n<p>Av\u00eds Legal<br \/>Pol\u00edtica de Privacitat<br \/>Pol\u00edtica de Cookies<\/p>\n<p>Si no estigu\u00e9s d\u2019acord amb totes i cadascuna d\u2019aquestes cl\u00e0usules i condicions abstingui d\u2019utilitzar aquest lloc web.<\/p>\n<p>L\u2019acc\u00e9s a aquest lloc web no suposa, de cap manera, l\u2019inici d\u2019una relaci\u00f3 comercial amb Lluci\u00e0 Joiers.<\/p>\n<p>A trav\u00e9s d\u2019aquest lloc web, el titular li facilita l\u2019acc\u00e9s i la utilitzaci\u00f3 de diversos continguts que el titular o els seus col\u00b7laboradors han publicat per mitj\u00e0 d\u2019Internet.<\/p>\n<p>A aquest efecte, vost\u00e8 est\u00e0 obligat i comprom\u00e8s a NO utilitzar qualsevol dels continguts d\u2019el lloc web amb fins o efectes il\u00b7l\u00edcits, prohibits en aquest av\u00eds legal o per la legislaci\u00f3 vigent, lesius dels drets i interessos de tercers, o que de qualsevol forma puguin danyar, inutilitzar, sobrecarregar, deteriorar o impedir la normal utilitzaci\u00f3 dels continguts, els equips inform\u00e0tics o els documents, arxius i tota classe de continguts emmagatzemats en qualsevol equip inform\u00e0tic propis o contractats per Lluci\u00e0 Joiers d\u2019altres usuaris o de qualsevol usuari d\u2019Internet.<\/p>\n<p>El Titular es reserva el dret de retirar tots aquells comentaris que vulnerin la legislaci\u00f3 vigent, lesius dels drets o interessos de tercers, o que, al seu parer, no resultin adequats per a la seva publicaci\u00f3.<\/p>\n<p>Lluci\u00e0 Joiers no ser\u00e0 responsable de les opinions abocades pels usuaris a trav\u00e9s de sistema de comentaris, xarxes socials o altres eines de participaci\u00f3, d\u2019acord amb el que preveu la normativa d\u2019aplicaci\u00f3.<\/p>\n<p>&nbsp;<\/p>\n<h3>Mesures de seguretat<\/h3>\n<p>&nbsp;<\/p>\n<p>Les dades personals que faciliti al Titular poden ser emmagatzemats en bases de dades automatitzades o no, la titularitat correspon en exclusiva a Lluci\u00e0 Joiers, que assumeix totes les mesures d\u2019\u00edndole t\u00e8cnica, organitzativa i de seguretat que garanteixen la confidencialitat, integritat i qualitat de la informaci\u00f3 continguda en les mateixes d\u2019acord amb el que estableix la normativa vigent en protecci\u00f3 de dades.<\/p>\n<p>No obstant aix\u00f2, ha de ser conscient que les mesures de seguretat dels sistemes inform\u00e0tics a Internet no s\u00f3n enterament fiables i que, per tant el Titular no pot garantir la inexist\u00e8ncia de virus o altres elements que puguin produir alteracions en els sistemes inform\u00e0tics (programari i maquinari) de l\u2019Usuari o en els seus documents electr\u00f2nics i fitxers continguts en els mateixos tot i que el Titular posa tots els mitjans necessaris i pren les mesures de seguretat oportunes per evitar la pres\u00e8ncia d\u2019aquests elements nocius.<\/p>\n<p>&nbsp;<\/p>\n<h3>Tractament de Dades Personals<\/h3>\n<p>&nbsp;<\/p>\n<p>Vost\u00e8 pot consultar tota la informaci\u00f3 relativa a l\u2019tractament de dades personals que recull el Titular a la p\u00e0gina de Pol\u00edtica de Privacitat.<\/p>\n<p>&nbsp;<\/p>\n<h3>Continguts<\/h3>\n<p>&nbsp;<\/p>\n<p>El Titular ha obtingut la informaci\u00f3, el contingut multim\u00e8dia i els materials inclosos al lloc web de fonts que considera fiables, per\u00f2, si b\u00e9 ha pres totes les mesures raonables per assegurar que la informaci\u00f3 continguda \u00e9s correcta, el Titular no garanteix que sigui exacta , completa o actualitzada. Lluci\u00e0 Joiers declina expressament qualsevol responsabilitat per error o omissi\u00f3 en la informaci\u00f3 continguda en les p\u00e0gines d\u2019aquest lloc web.<\/p>\n<p>Queda prohibit transmetre o enviar a trav\u00e9s de el lloc web qualsevol contingut il\u00b7legal o il\u00b7l\u00edcit, virus inform\u00e0tics, o missatges que, en general, afectin o violin drets del Titular o de tercers.<\/p>\n<p>Els continguts de lluciajoiers.com tenen \u00fanicament una finalitat informativa i sota cap circumst\u00e0ncia han d\u2019usar-ni considerar com a oferta de venda, sol\u00b7licitud d\u2019una oferta de compra ni recomanaci\u00f3 per realitzar qualsevol altra operaci\u00f3, llevat que aix\u00ed s\u2019indiqui expressament.<\/p>\n<p>Lluci\u00e0 Joiers es reserva el dret a modificar, suspendre, cancel\u00b7lar o restringir el contingut de lluciajoiers.com, els vincles o la informaci\u00f3 obtinguda a trav\u00e9s del lloc web, sense necessitat de previ av\u00eds.<\/p>\n<p>Lluci\u00e0 Joiers no \u00e9s responsable dels danys i perjudicis que es puguin derivar de la utilitzaci\u00f3 de la informaci\u00f3 de el lloc web o de la continguda en les xarxes socials del Titular.<\/p>\n<p>&nbsp;<\/p>\n<h3>Pol\u00edtica de cookies<\/h3>\n<p>&nbsp;<\/p>\n<p>A la p\u00e0gina Pol\u00edtica de Cookies pot consultar tota la informaci\u00f3 relativa a la pol\u00edtica de recollida i tractament de les cookies.<\/p>\n<p>&nbsp;<\/p>\n<h3>Enlla\u00e7os a altres llocs web<\/h3>\n<p>&nbsp;<\/p>\n<p>El Titular pot proporcionar acc\u00e9s a llocs web de tercers mitjan\u00e7ant enlla\u00e7os amb la finalitat exclusiva d\u2019informar sobre l\u2019exist\u00e8ncia d\u2019altres fonts d\u2019informaci\u00f3 a Internet en qu\u00e8 podr\u00e0 ampliar les dades ofertes en el lloc web<\/p>\n<\/div>\n<\/div>\n<\/div>\n<\/div>\n<p>[\/et_pb_text][\/et_pb_column][\/et_pb_row][\/et_pb_section]<\/p>\n","protected":false},"excerpt":{"rendered":"<p>[et_pb_section fb_built=&#8221;1&#8243; _builder_version=&#8221;4.9.4&#8243; _module_preset=&#8221;default&#8221;][et_pb_row _builder_version=&#8221;4.9.4&#8243; _module_preset=&#8221;default&#8221; custom_margin=&#8221;100px|auto|100px|auto|true|&#8221; custom_margin_tablet=&#8221;90px||60px||false|false&#8221; custom_margin_phone=&#8221;80px||50px||false|false&#8221; custom_margin_last_edited=&#8221;on|phone&#8221; custom_padding=&#8221;3px||32px|||&#8221;][et_pb_column type=&#8221;4_4&#8243; _builder_version=&#8221;4.9.4&#8243; _module_preset=&#8221;default&#8221;][et_pb_text _builder_version=&#8221;4.9.4&#8243; _module_preset=&#8221;default&#8221; header_2_font=&#8221;|800|||||||&#8221; header_2_text_align=&#8221;center&#8221; header_2_font_size=&#8221;58px&#8221; custom_margin_tablet=&#8221;&#8221; custom_margin_phone=&#8221;||20px||false|false&#8221; custom_margin_last_edited=&#8221;on|phone&#8221; custom_padding=&#8221;0px|||||&#8221; header_2_font_size_tablet=&#8221;48px&#8221; header_2_font_size_phone=&#8221;38px&#8221; header_2_font_size_last_edited=&#8221;on|phone&#8221;] AV\u00cdS LEGAL [\/et_pb_text][et_pb_text module_class=&#8221;tipo400&#8243; _builder_version=&#8221;4.9.4&#8243; _module_preset=&#8221;default&#8221; header_2_font_size=&#8221;58px&#8221; text_orientation=&#8221;center&#8221; hover_enabled=&#8221;0&#8243; header_2_font_size_tablet=&#8221;48px&#8221; header_2_font_size_phone=&#8221;38px&#8221; header_2_font_size_last_edited=&#8221;on|phone&#8221; global_colors_info=&#8221;{}&#8221; sticky_enabled=&#8221;0&#8243;] Identificaci\u00f3 i Titularitat &nbsp; En compliment de l\u2019article 10 de la Llei 34\/2002, de 11 [&hellip;]<\/p>\n","protected":false},"author":1,"featured_media":0,"parent":0,"menu_order":0,"comment_status":"closed","ping_status":"closed","template":"","meta":{"_et_pb_use_builder":"on","_et_pb_old_content":"","_et_gb_content_width":"","footnotes":""},"class_list":["post-117","page","type-page","status-publish","hentry"],"_links":{"self":[{"href":"https:\/\/lluciajoiers.com\/wordpress\/wp-json\/wp\/v2\/pages\/117","targetHints":{"allow":["GET"]}}],"collection":[{"href":"https:\/\/lluciajoiers.com\/wordpress\/wp-json\/wp\/v2\/pages"}],"about":[{"href":"https:\/\/lluciajoiers.com\/wordpress\/wp-json\/wp\/v2\/types\/page"}],"author":[{"embeddable":true,"href":"https:\/\/lluciajoiers.com\/wordpress\/wp-json\/wp\/v2\/users\/1"}],"replies":[{"embeddable":true,"href":"https:\/\/lluciajoiers.com\/wordpress\/wp-json\/wp\/v2\/comments?post=117"}],"version-history":[{"count":5,"href":"https:\/\/lluciajoiers.com\/wordpress\/wp-json\/wp\/v2\/pages\/117\/revisions"}],"predecessor-version":[{"id":138,"href":"https:\/\/lluciajoiers.com\/wordpress\/wp-json\/wp\/v2\/pages\/117\/revisions\/138"}],"wp:attachment":[{"href":"https:\/\/lluciajoiers.com\/wordpress\/wp-json\/wp\/v2\/media?parent=117"}],"curies":[{"name":"wp","href":"https:\/\/api.w.org\/{rel}","templated":true}]}}